{"id":9,"date":"2012-03-22T21:13:03","date_gmt":"2012-03-22T20:13:03","guid":{"rendered":"http:\/\/arne.johannessen.de\/nm\/?page_id=9"},"modified":"2021-05-22T15:21:47","modified_gmt":"2021-05-22T13:21:47","slug":"publications-catalogue","status":"publish","type":"page","link":"https:\/\/arne.johannessen.de\/nm\/publications-catalogue","title":{"rendered":"Catalogue of Publications"},"content":{"rendered":"<p>This page serves as a provisional \u201cCatalogue of Charts and Publications\u201d (Pub. <strong>3T<\/strong>).<\/p>\n\n<h2>The following publications are currently being hold up-to-date by NM:<\/h2>\n\n<ul>\n<li>Pub. <strong>3T<\/strong> Catalogue of Charts and Publications<\/li>\n<li>Pub. <strong>7<\/strong> Arne\u2019s Notices to Mariners<\/li>\n<li><a href=\"\/nm\/chart\/10\"><strong>10<\/strong> Die Brucher Talsperre<\/a><br \/>\n1st edition 2005, <abbr title=\"Large Corrections\">LC<\/abbr> 2005, scale 1:7500<\/li>\n<li><a href=\"\/nm\/chart\/12B\"><strong>12B<\/strong> Tiefenverh\u00e4ltnisse am S\u00fcdufer der Brucher Talsperre<\/a> (formerly <strong>12T<\/strong>)<br \/>\n1st edition 2012, scale 1:1500<\/li>\n<li><a href=\"\/nm\/chart\/19\"><strong>19<\/strong> Bundeswasserstra\u00dfenkarte<\/a><br \/>\n1st edition 2012, scale 1:1000000<\/li>\n<li><a href=\"\/nm\/chart\/31V\"><strong>31V<\/strong> SKGB, Steganlage<\/a> (Leerkarte)<br \/>\n1st edition 2009, scale 1:200<\/li>\n<li><a href=\"\/nm\/chart\/61\"><strong>61<\/strong> \u00d8lveskysten fra Sponavika til St\u00f8aneset med Hyttev\u00e5gen<\/a><br \/>\n1st edition 2014, scale 1:35000<\/li>\n<li><a href=\"\/nm\/chart\/61T\"><strong>61G<\/strong> \u00d8lveskysten fra Hamarhaugflua til St\u00f8aneset med Hyttev\u00e5gen<\/a> (formerly <strong>61T<\/strong>)<br \/>\n1st edition 2012, scale 1:35000<\/li>\n<li><a href=\"\/nm\/chart\/62\"><strong>62<\/strong> Entrance to Hyttev\u00e5gen<\/a><br \/>\n1st edition 2021, scale 1:5000<\/li>\n<li><a href=\"\/nm\/chart\/63\"><strong>63<\/strong> Husav\u00e5gen<\/a><br \/>\n1st edition 2021, scale 1:20000<\/li>\n<li><a href=\"\/nm\/chart\/64\"><strong>64<\/strong> Harbours in Husava\u030agen<\/a><br \/>\n2nd edition 2020, plans<\/li>\n<\/ul>\n\n<p>More publications may be added to this list at a later date. Corrections or notices pertaining to other publications may appear in NM. These are gathered on a random basis and will always be incomplete. Examples for this are the publications <a href=\"\/nm\/chart\/DE_32\">DE 32<\/a>, <a href=\"\/nm\/chart\/DK_171\">DK 171<\/a> or <a href=\"\/nm\/chart\/NO_20\">NO 20<\/a>.<\/p>\n\n<p>Not all changes to these publications are promulgated through NM in detail. On numerous occasions changes are too intricate to replicate in NM while at the same time being not radical enough to warrant a New Edition (NE). In these situations a Large Correction (LC) will be issued. NE and LC are always announced in NM.<\/p>\n\n<p>Publications are numbered in accordance with the <a href=\"\/nm\/publications-catalogue\/numbering-scheme\">numbering scheme<\/a>.<\/p>\n\n<h2>Other publications:<\/h2>\n\n<ul>\n<li><a href=\"\/nm\/chart\/31\"><strong>31<\/strong> SKGB, Belegungsplan der Steganlage<\/a><br \/>\n11th edition 2019, scale 1:200<br \/>\nThere are yearly New Editions of map <strong>31<\/strong>. All other updates are published as Large Corrections at <a href=\"https:\/\/intern.skgb.de\/digest\/boxenbelegung\/\">SKGB-intern<\/a> (authorised users only).<\/li>\n<li><a href=\"\/nm\/chart\/731\"><strong>31R<\/strong> SKGB, Gekaufte Boxen<\/a> (formerly <strong>731<\/strong>)<br \/>\n2nd edition 2014, scale 1:200<br \/>\nUp-to-date versions are available through the <a href=\"https:\/\/www.skgb.de\/\">SKGB<\/a> board on request at any time. Restricted circulation.<\/li>\n<li><strong>33<\/strong> Anfahrtsskizze SKGB<br \/>\n1st edition 2000, <abbr title=\"Large Corrections\">LC<\/abbr> 2008, no scale<\/li>\n<li><strong>41<\/strong> M\u00e5lebrevkart<br \/>\n1st edition 2009, scale 1:250<\/li>\n<li><strong>43<\/strong> Naboskapet<br \/>\n2nd edition 2011, 1:5000<\/li>\n<li><a href=\"\/nm\/chart\/50T\"><strong>50T<\/strong> Trail Map of Central \u00d8lve<\/a><br \/>\n1st edition 2012, scale 1:40000<\/li>\n<\/ul>\n\n<p>These are <em>some<\/em> of the publications by Arne Johannessen that are not corrected through NM. Because the \u201cCatalogue of Charts and Publications\u201d on this page is a provisional one, information about new charts and publications (NC) as well as new editions (NE), large corrections (LC), revised reprints and cancellations may be incomplete.<\/p>\n\n<hr \/>\n\n<p>Return to the <a href=\"https:\/\/arne.johannessen.de\/\">home page of Arne Johannessen<\/a>.<\/p>\n","protected":false},"excerpt":{"rendered":"<p>This page serves as a provisional \u201cCatalogue of Charts and Publications\u201d (Pub. 3T). The following publications are currently being hold up-to-date by NM: Pub. 3T Catalogue of Charts and Publications Pub. 7 Arne\u2019s Notices to Mariners 10 Die Brucher Talsperre &hellip; <a href=\"https:\/\/arne.johannessen.de\/nm\/publications-catalogue\">Continue reading <span class=\"meta-nav\">&rarr;<\/span><\/a><\/p>","protected":false},"author":1,"featured_media":0,"parent":0,"menu_order":0,"comment_status":"closed","ping_status":"closed","template":"","meta":{"footnotes":""},"_links":{"self":[{"href":"https:\/\/arne.johannessen.de\/nm\/wp-json\/wp\/v2\/pages\/9"}],"collection":[{"href":"https:\/\/arne.johannessen.de\/nm\/wp-json\/wp\/v2\/pages"}],"about":[{"href":"https:\/\/arne.johannessen.de\/nm\/wp-json\/wp\/v2\/types\/page"}],"author":[{"embeddable":true,"href":"https:\/\/arne.johannessen.de\/nm\/wp-json\/wp\/v2\/users\/1"}],"replies":[{"embeddable":true,"href":"https:\/\/arne.johannessen.de\/nm\/wp-json\/wp\/v2\/comments?post=9"}],"version-history":[{"count":15,"href":"https:\/\/arne.johannessen.de\/nm\/wp-json\/wp\/v2\/pages\/9\/revisions"}],"predecessor-version":[{"id":2134,"href":"https:\/\/arne.johannessen.de\/nm\/wp-json\/wp\/v2\/pages\/9\/revisions\/2134"}],"wp:attachment":[{"href":"https:\/\/arne.johannessen.de\/nm\/wp-json\/wp\/v2\/media?parent=9"}],"curies":[{"name":"wp","href":"https:\/\/api.w.org\/{rel}","templated":true}]}}